{"id":504,"date":"2023-03-23T12:03:21","date_gmt":"2023-03-23T12:03:21","guid":{"rendered":"https:\/\/aviationofficeconsulting.com\/inventario-de-aeronaves\/"},"modified":"2023-04-13T12:07:30","modified_gmt":"2023-04-13T12:07:30","slug":"inventario-de-aeronaves","status":"publish","type":"page","link":"https:\/\/aviationofficeconsulting.com\/es\/inventario-de-aeronaves\/","title":{"rendered":"Inventario de Aeronaves"},"content":{"rendered":"\n<p class=\"has-text-align-center\"><strong>Consulte nuestro inventario de aeronaves en venta<\/strong> y p\u00f3ngase en contacto con nosotros para obtener m\u00e1s informaci\u00f3n. Tenemos la siguiente disponibilidad:<\/p>\n\n<p class=\"has-text-align-center\"><strong>Serie B737-300\/400F<\/strong> &#8211; disponible para venta y\/o alquiler. <br\/><strong>Serie B737-300\/400 pasajeros<\/strong> &#8211; disponible para venta.<br\/><strong>Serie B737-300QC (Quick Change)<\/strong> &#8211; disponible para venta.<br\/><strong>Serie B757-200F<\/strong> &#8211; disponible para venta. <br\/><strong>Serie B767-200F <\/strong>&#8211; disponible para venta.<\/p>\n","protected":false},"excerpt":{"rendered":"<p>Consulte nuestro inventario de aeronaves en venta y p\u00f3ngase en contacto con nosotros para obtener m\u00e1s informaci\u00f3n. Tenemos la siguiente disponibilidad: Serie B737-300\/400F &#8211; disponible para venta y\/o alquiler. Serie B737-300\/400 pasajeros &#8211; disponible para venta.Serie B737-300QC (Quick Change) &#8211; disponible para venta.Serie B757-200F &#8211; disponible para venta. Serie B767-200F &#8211; disponible para venta.<\/p>\n","protected":false},"author":1,"featured_media":0,"parent":0,"menu_order":0,"comment_status":"closed","ping_status":"closed","template":"page-templates\/fleet.php","meta":{"footnotes":""},"class_list":["post-504","page","type-page","status-publish","hentry"],"acf":[],"_links":{"self":[{"href":"https:\/\/aviationofficeconsulting.com\/es\/wp-json\/wp\/v2\/pages\/504","targetHints":{"allow":["GET"]}}],"collection":[{"href":"https:\/\/aviationofficeconsulting.com\/es\/wp-json\/wp\/v2\/pages"}],"about":[{"href":"https:\/\/aviationofficeconsulting.com\/es\/wp-json\/wp\/v2\/types\/page"}],"author":[{"embeddable":true,"href":"https:\/\/aviationofficeconsulting.com\/es\/wp-json\/wp\/v2\/users\/1"}],"replies":[{"embeddable":true,"href":"https:\/\/aviationofficeconsulting.com\/es\/wp-json\/wp\/v2\/comments?post=504"}],"version-history":[{"count":13,"href":"https:\/\/aviationofficeconsulting.com\/es\/wp-json\/wp\/v2\/pages\/504\/revisions"}],"predecessor-version":[{"id":537,"href":"https:\/\/aviationofficeconsulting.com\/es\/wp-json\/wp\/v2\/pages\/504\/revisions\/537"}],"wp:attachment":[{"href":"https:\/\/aviationofficeconsulting.com\/es\/wp-json\/wp\/v2\/media?parent=504"}],"curies":[{"name":"wp","href":"https:\/\/api.w.org\/{rel}","templated":true}]}}