{"id":243,"date":"2023-03-23T12:03:21","date_gmt":"2023-03-23T12:03:21","guid":{"rendered":"https:\/\/aviationofficeconsulting.com\/?page_id=243"},"modified":"2023-04-12T10:10:29","modified_gmt":"2023-04-12T10:10:29","slug":"inventario-de-aeronaves","status":"publish","type":"page","link":"https:\/\/aviationofficeconsulting.com\/pt-pt\/inventario-de-aeronaves\/","title":{"rendered":"Invent\u00e1rio de Aeronaves"},"content":{"rendered":"\n<p class=\"has-text-align-center\">Para mais informa\u00e7\u00f5es, <strong>consulte-nos sobre o nosso Invent\u00e1rio de Aeronaves<br>para venda e\/ou aluguer<\/strong>. Dispomos dos seguintes modelos:<\/p>\n\n\n\n<p class=\"has-text-align-center\"><strong>S\u00e9rie B737-300\/400F<\/strong> &#8211; dispon\u00edvel para venda e\/ou aluguer.<br><strong>S\u00e9rie B737-300\/400 Passageiros<\/strong> &#8211; dispon\u00edvel para venda.<br><strong>S\u00e9rie B737-300QC (Quick Change)<\/strong> &#8211; dispon\u00edvel para venda.<br><strong>S\u00e9rie B757-200F<\/strong> &#8211; dispon\u00edvel para venda.<br><strong>S\u00e9rie B767-200F <\/strong>&#8211; dispon\u00edvel para venda.<\/p>\n","protected":false},"excerpt":{"rendered":"<p>Para mais informa\u00e7\u00f5es, consulte-nos sobre o nosso Invent\u00e1rio de Aeronavespara venda e\/ou aluguer. Dispomos dos seguintes modelos: S\u00e9rie B737-300\/400F &#8211; dispon\u00edvel para venda e\/ou aluguer.S\u00e9rie B737-300\/400 Passageiros &#8211; dispon\u00edvel para venda.S\u00e9rie B737-300QC (Quick Change) &#8211; dispon\u00edvel para venda.S\u00e9rie B757-200F &#8211; dispon\u00edvel para venda.S\u00e9rie B767-200F &#8211; dispon\u00edvel para venda.<\/p>\n","protected":false},"author":1,"featured_media":0,"parent":0,"menu_order":0,"comment_status":"closed","ping_status":"closed","template":"page-templates\/fleet.php","meta":{"footnotes":""},"class_list":["post-243","page","type-page","status-publish","hentry"],"acf":[],"_links":{"self":[{"href":"https:\/\/aviationofficeconsulting.com\/pt-pt\/wp-json\/wp\/v2\/pages\/243","targetHints":{"allow":["GET"]}}],"collection":[{"href":"https:\/\/aviationofficeconsulting.com\/pt-pt\/wp-json\/wp\/v2\/pages"}],"about":[{"href":"https:\/\/aviationofficeconsulting.com\/pt-pt\/wp-json\/wp\/v2\/types\/page"}],"author":[{"embeddable":true,"href":"https:\/\/aviationofficeconsulting.com\/pt-pt\/wp-json\/wp\/v2\/users\/1"}],"replies":[{"embeddable":true,"href":"https:\/\/aviationofficeconsulting.com\/pt-pt\/wp-json\/wp\/v2\/comments?post=243"}],"version-history":[{"count":5,"href":"https:\/\/aviationofficeconsulting.com\/pt-pt\/wp-json\/wp\/v2\/pages\/243\/revisions"}],"predecessor-version":[{"id":406,"href":"https:\/\/aviationofficeconsulting.com\/pt-pt\/wp-json\/wp\/v2\/pages\/243\/revisions\/406"}],"wp:attachment":[{"href":"https:\/\/aviationofficeconsulting.com\/pt-pt\/wp-json\/wp\/v2\/media?parent=243"}],"curies":[{"name":"wp","href":"https:\/\/api.w.org\/{rel}","templated":true}]}}